{"id":4336,"date":"2017-07-10T18:10:16","date_gmt":"2017-07-10T18:10:16","guid":{"rendered":"http:\/\/dev.jacknifedesign.com\/tayco\/aboouyt-us\/"},"modified":"2017-08-24T10:04:29","modified_gmt":"2017-08-24T14:04:29","slug":"a-notre-sujet","status":"publish","type":"page","link":"https:\/\/www.tayco.com\/fr\/a-notre-sujet\/","title":{"rendered":"\u00c0 notre sujet"},"content":{"rendered":"<p><img loading=\"lazy\" decoding=\"async\" class=\"alignleft wp-image-2350 size-full\" src=\"https:\/\/www.tayco.com\/wp-content\/uploads\/2017\/01\/KevPhil.jpg\" alt=\"Le groupe de la direction de Tayco\" width=\"972\" height=\"515\" srcset=\"https:\/\/www.tayco.com\/wp-content\/uploads\/2017\/01\/KevPhil.jpg 972w, https:\/\/www.tayco.com\/wp-content\/uploads\/2017\/01\/KevPhil-780x413.jpg 780w\" sizes=\"auto, (max-width: 972px) 100vw, 972px\" \/><\/p>\n<p>Depuis 1976, Tayco fabrique du mobilier de bureau de qualit\u00e9 sup\u00e9rieure au Canada. Les produits et services offerts par Tayco ont \u00e9volu\u00e9 avec les demandes \u00e9volutives du march\u00e9. Nous sommes \u00e0 l\u2019\u00e9coute de nos clients et tirons une \u00e9norme fiert\u00e9 de notre capacit\u00e9 d\u2019int\u00e9grer leurs commentaires \u00e0 nos conceptions et solutions, qui s\u2019inscrivent dans les budgets d\u2019entreprises modernes. L\u2019engagement de Tayco envers l\u2019innovation et le design moderne s\u2019est sold\u00e9 par un portefeuille complet de syst\u00e8mes, de bureaux, de meubles de rangement, de tables et de si\u00e8ges. Notre \u00e9quipe est anim\u00e9e par le d\u00e9sir de continuellement d\u00e9passer les attentes des clients.<\/p>\n","protected":false},"excerpt":{"rendered":"<p>Depuis 1976, Tayco fabrique du mobilier de bureau de qualit\u00e9 sup\u00e9rieure au Canada. Les produits et services offerts par Tayco ont \u00e9volu\u00e9 avec les demandes \u00e9volutives du march\u00e9. Nous sommes \u00e0 l\u2019\u00e9coute de nos clients et tirons une \u00e9norme fiert\u00e9 de notre capacit\u00e9 d\u2019int\u00e9grer leurs commentaires \u00e0 nos conceptions et solutions, qui s\u2019inscrivent dans les [&hellip;]<\/p>\n","protected":false},"author":856,"featured_media":0,"parent":0,"menu_order":0,"comment_status":"closed","ping_status":"closed","template":"template-about.php","meta":{"_acf_changed":false,"content-type":"","jetpack_post_was_ever_published":false,"footnotes":""},"class_list":["post-4336","page","type-page","status-publish","hentry"],"acf":[],"jetpack_sharing_enabled":true,"jetpack_shortlink":"https:\/\/wp.me\/PaFHqO-17W","_links":{"self":[{"href":"https:\/\/www.tayco.com\/fr\/wp-json\/wp\/v2\/pages\/4336","targetHints":{"allow":["GET"]}}],"collection":[{"href":"https:\/\/www.tayco.com\/fr\/wp-json\/wp\/v2\/pages"}],"about":[{"href":"https:\/\/www.tayco.com\/fr\/wp-json\/wp\/v2\/types\/page"}],"author":[{"embeddable":true,"href":"https:\/\/www.tayco.com\/fr\/wp-json\/wp\/v2\/users\/856"}],"replies":[{"embeddable":true,"href":"https:\/\/www.tayco.com\/fr\/wp-json\/wp\/v2\/comments?post=4336"}],"version-history":[{"count":2,"href":"https:\/\/www.tayco.com\/fr\/wp-json\/wp\/v2\/pages\/4336\/revisions"}],"predecessor-version":[{"id":6466,"href":"https:\/\/www.tayco.com\/fr\/wp-json\/wp\/v2\/pages\/4336\/revisions\/6466"}],"wp:attachment":[{"href":"https:\/\/www.tayco.com\/fr\/wp-json\/wp\/v2\/media?parent=4336"}],"curies":[{"name":"wp","href":"https:\/\/api.w.org\/{rel}","templated":true}]}}