{"id":4333,"date":"2017-07-10T18:10:14","date_gmt":"2017-07-10T18:10:14","guid":{"rendered":"http:\/\/dev.jacknifedesign.com\/tayco\/caareeeers\/"},"modified":"2018-03-20T09:35:32","modified_gmt":"2018-03-20T13:35:32","slug":"carrieres","status":"publish","type":"page","link":"https:\/\/www.tayco.com\/fr\/carrieres\/","title":{"rendered":"Carri\u00e8res"},"content":{"rendered":"<p><img loading=\"lazy\" decoding=\"async\" class=\"alignleft wp-image-2357 size-full\" src=\"https:\/\/www.tayco.com\/wp-content\/uploads\/2017\/01\/Careers_2-1.jpg\" alt=\"Travailler \u00e0 Tayco\" width=\"972\" height=\"515\" srcset=\"https:\/\/www.tayco.com\/wp-content\/uploads\/2017\/01\/Careers_2-1.jpg 972w, https:\/\/www.tayco.com\/wp-content\/uploads\/2017\/01\/Careers_2-1-780x413.jpg 780w\" sizes=\"auto, (max-width: 972px) 100vw, 972px\" \/>Tayco est une entreprise familiale soucieuse d\u2019offrir des solutions ax\u00e9es sur la conception. Notre souci du service \u00e0 la client\u00e8le nous rend extr\u00eamement fiers, et il est facile de le constater. Nous savons \u00e9galement que notre r\u00e9ussite repose sur nos employ\u00e9s hors du commun. C\u2019est pourquoi nous tenons autant \u00e0 nos employ\u00e9s qu\u2019\u00e0 nos clients. Si vous souhaitez travailler pour une entreprise d\u00e9vou\u00e9e envers la qualit\u00e9 et le service, rien ne nous ferait plus plaisir que de vous aider \u00e0 trouver une carri\u00e8re qui vous ressemble.<\/p>\n<p>&nbsp;<\/p>\n","protected":false},"excerpt":{"rendered":"<p>Tayco est une entreprise familiale soucieuse d\u2019offrir des solutions ax\u00e9es sur la conception. Notre souci du service \u00e0 la client\u00e8le nous rend extr\u00eamement fiers, et il est facile de le constater. Nous savons \u00e9galement que notre r\u00e9ussite repose sur nos employ\u00e9s hors du commun. C\u2019est pourquoi nous tenons autant \u00e0 nos employ\u00e9s qu\u2019\u00e0 nos clients. [&hellip;]<\/p>\n","protected":false},"author":856,"featured_media":0,"parent":0,"menu_order":0,"comment_status":"closed","ping_status":"closed","template":"template-careers.php","meta":{"_acf_changed":false,"content-type":"","footnotes":""},"class_list":["post-4333","page","type-page","status-publish","hentry"],"acf":[],"jetpack_sharing_enabled":true,"jetpack_shortlink":"https:\/\/wp.me\/PaFHqO-17T","_links":{"self":[{"href":"https:\/\/www.tayco.com\/fr\/wp-json\/wp\/v2\/pages\/4333","targetHints":{"allow":["GET"]}}],"collection":[{"href":"https:\/\/www.tayco.com\/fr\/wp-json\/wp\/v2\/pages"}],"about":[{"href":"https:\/\/www.tayco.com\/fr\/wp-json\/wp\/v2\/types\/page"}],"author":[{"embeddable":true,"href":"https:\/\/www.tayco.com\/fr\/wp-json\/wp\/v2\/users\/856"}],"replies":[{"embeddable":true,"href":"https:\/\/www.tayco.com\/fr\/wp-json\/wp\/v2\/comments?post=4333"}],"version-history":[{"count":5,"href":"https:\/\/www.tayco.com\/fr\/wp-json\/wp\/v2\/pages\/4333\/revisions"}],"predecessor-version":[{"id":7294,"href":"https:\/\/www.tayco.com\/fr\/wp-json\/wp\/v2\/pages\/4333\/revisions\/7294"}],"wp:attachment":[{"href":"https:\/\/www.tayco.com\/fr\/wp-json\/wp\/v2\/media?parent=4333"}],"curies":[{"name":"wp","href":"https:\/\/api.w.org\/{rel}","templated":true}]}}