{"id":4326,"date":"2017-07-10T18:10:08","date_gmt":"2017-07-10T18:10:08","guid":{"rendered":"http:\/\/dev.jacknifedesign.com\/tayco\/teerms-coondiitiioons\/"},"modified":"2017-08-24T16:33:25","modified_gmt":"2017-08-24T20:33:25","slug":"modalites","status":"publish","type":"page","link":"https:\/\/www.tayco.com\/fr\/modalites\/","title":{"rendered":"Modalit\u00e9s"},"content":{"rendered":"<h2>PRIX<\/h2>\n<p>Les prix peuvent \u00eatre modifi\u00e9s sans pr\u00e9avis. Les prix de liste ne comprennent pas les emballages sp\u00e9ciaux, le fret, le d\u00e9chargement, le d\u00e9ballage et l\u2019installation. La possession de cette liste de prix ne constitue pas une offre de vente. Seules les commandes re\u00e7ues de vendeurs autoris\u00e9s de Tayco seront trait\u00e9es.<\/p>\n<h2>PAIEMENT<\/h2>\n<p>Les modalit\u00e9s de paiement sont 30\u00a0jours nets \u00e0 compter de la date de la facture, sous r\u00e9serve de l\u2019approbation du cr\u00e9dit. Tous les paiements doivent \u00eatre vers\u00e9s \u00e0\u00a0:\u00a0400 Norris Glen Road, Toronto (Ontario) Canada M9C 1H5<\/p>\n<h2>PASSATION ET CONFIRMATION D\u2019UNE COMMANDE<\/h2>\n<p>Tayco exige que toutes les commandes soient pass\u00e9es par \u00e9crit et accompagn\u00e9es d\u2019une fiche d\u2019accompagnement de la commande afin d\u2019\u00e9viter les erreurs. Au moment de passer une commande, veuillez d\u00e9signer les produits par leur code de produit et par num\u00e9ro de devis de Tayco, le cas \u00e9ch\u00e9ant. Indiquez tous les finis applicables et notez clairement la valeur nette totale de la commande sur le bon de commande. \u00c9galement, pri\u00e8re de noter l\u2019adresse d\u2019exp\u00e9dition si elle diff\u00e8re de l\u2019adresse de facturation. Toutes les commandes doivent \u00eatre envoy\u00e9es par t\u00e9l\u00e9copie ou par courriel aux coordonn\u00e9es suivantes\u00a0: 416\u00a0252-4467, purchaseorders@tayco.com<\/p>\n<h2>ACCUS\u00c9 DE R\u00c9CEPTION DES COMMANDES<\/h2>\n<p>\u00c0 la r\u00e9ception d\u2019un bon de commande, Tayco enverra par t\u00e9l\u00e9copieur un accus\u00e9 de r\u00e9ception qui indique le calendrier d\u2019exp\u00e9dition et une description des produits command\u00e9s. Il appartient \u00e0 l\u2019acheteur de v\u00e9rifier l\u2019exactitude de l\u2019accus\u00e9 de r\u00e9ception de la commande.<\/p>\n<h2>MODIFICATIONS DE COMMANDES<\/h2>\n<p>Tous les changements \u00e0 un bon de commande doivent \u00eatre indiqu\u00e9s par \u00e9crit et sont soumis \u00e0 l\u2019approbation de Tayco. Veuillez noter\u00a0: les modifications peuvent modifier le d\u00e9lai d\u2019ex\u00e9cution et peuvent entra\u00eener des suppl\u00e9ments. Une fois la production commenc\u00e9e, aucun changement ne sera accept\u00e9.<\/p>\n<h2>ANNULATION DE LA COMMANDE<\/h2>\n<p>Toutes les annulations doivent \u00eatre apport\u00e9es par \u00e9crit et doivent \u00eatre approuv\u00e9es par Tayco. Les commandes en production engageront un frais minimum de 50\u00a0% (du prix net) en cas d\u2019annulation. Une fois la production entam\u00e9e, les annulations ne seront pas accept\u00e9es.<\/p>\n<h2>SP\u00c9CIFICATIONS<\/h2>\n<p>Des sp\u00e9cifications d\u00e9taill\u00e9es sont offertes sur demande. Tayco se r\u00e9serve le droit d\u2019apporter des modifications au mat\u00e9riel, aux dimensions, au style ou aux sp\u00e9cifications si les modifications am\u00e9liorent la qualit\u00e9 ou l\u2019apparence d\u2019un article.<\/p>\n<h2>STOCKAGE<\/h2>\n<p>Si l\u2019acheteur demande un report de livraison au-del\u00e0 de la date d\u2019exp\u00e9dition convenue (apr\u00e8s que les produits sont devenus un \u00ab\u00a0travail en cours\u00a0\u00bb ou au moment o\u00f9 Tayco est sur le point d\u2019exp\u00e9dier les produits), l\u2019acheteur doit choisir parmi l\u2019une des deux options suivantes\u00a0:<\/p>\n<p>&gt; Imm\u00e9diatement transf\u00e9rer les produits dans un entrep\u00f4t au choix de l\u2019acheteur, ainsi qu\u2019\u00e0 ses risques et \u00e0 ses frais. Un tel transfert vers un entrep\u00f4t sera r\u00e9put\u00e9 \u00eatre une livraison \u00e0 l\u2019acheteur pratiquement, dont la facturation et le paiement.<\/p>\n<p>&gt; Entreposer le produit \u00e0 Tayco pendant jusqu\u2019\u00e0 30\u00a0jours. Des frais de stockage seront engag\u00e9s cinq\u00a0jours apr\u00e8s que la commande est pr\u00eate \u00e0 \u00eatre exp\u00e9di\u00e9e. Le tarif de stockage s\u2019\u00e9l\u00e8ve \u00e0 25\u00a0$ par jour jusqu\u2019\u00e0 concurrence de 10\u00a0000\u00a0$ nets. Pour les commandes qui d\u00e9passent 10\u00a0000\u00a0$ nets, le tarif de stockage sera de 50\u00a0$ par jour.<\/p>\n<p>Au 31e\u00a0jour apr\u00e8s la fin de la fabrication, la commande doit \u00eatre exp\u00e9di\u00e9e, faute de quoi l\u2019acheteur doit prendre les mesures n\u00e9cessaires pour que les produits soient entrepos\u00e9s.<\/p>\n<p>Tous les produits sont payables \u00e0 partir de la date o\u00f9 Tayco a termin\u00e9 la fabrication.<\/p>\n<h2>RETARDS DE COMMANDE<\/h2>\n<p>L\u2019accus\u00e9 de r\u00e9ception de la commande de Tayco indiquera une date d\u2019exp\u00e9dition, soit la meilleure estimation de Tayco au moment o\u00f9 l\u2019accus\u00e9 de r\u00e9ception est envoy\u00e9. Cependant, Tayco n\u2019assume aucune obligation ou responsabilit\u00e9 envers l\u2019acheteur en cas de d\u00e9faut \u00e0 la date pr\u00e9cis\u00e9e, \u00e0 moins que Tayco n\u2019ait convenu d\u2019une date d\u2019exp\u00e9dition ferme et sans \u00e9quivoque dans un document \u00e9crit sign\u00e9 distinct, ex\u00e9cut\u00e9 par le personnel autoris\u00e9 du si\u00e8ge social. Tayco n\u2019assume aucune responsabilit\u00e9 quant au d\u00e9faut de livrer ou \u00e0 tout retard de livraison ou d\u2019ex\u00e9cution d\u2019une obligation pour un motif hors du contr\u00f4le raisonnable de Tayco, y compris, sans s\u2019y limiter, un incendie, une inondation, une temp\u00e9rature non cl\u00e9mente, une guerre, un acte de terrorisme, une perturbation civile, une \u00e9meute, une mesure gouvernementale, un r\u00e8glement du gouvernement, une restriction gouvernementale sur l\u2019exportation ou l\u2019importation, une restriction li\u00e9e aux devises, un conflit de travail, une gr\u00e8ve, la fermeture d\u2019une usine, la non-disponibilit\u00e9 du mat\u00e9riel, la d\u00e9faillance de l\u2019\u00e9quipement ou le d\u00e9faut du fournisseur, du transporteur ou d\u2019un sous-traitant de livrer \u00e0 temps ou d\u2019ex\u00e9cuter ses obligations.<\/p>\n<h2>R\u00c9TROFACTURATIONS<\/h2>\n<p>Tayco n\u2019acceptera aucun frais pour des d\u00e9penses engag\u00e9es par l\u2019acheteur pour exp\u00e9dier les envois, pour la r\u00e9paration de dommages caus\u00e9s par d\u2019autres ou pour le retard de tout envoi. Les retenues des paiements de factures ne sont pas autoris\u00e9es, sauf si Tayco les permet par \u00e9crit.<\/p>\n<h2>MODALIT\u00c9S ENTOURANT LE FRET<\/h2>\n<p>Tous les produits sont vendus FAB \u00e0 partir de Tayco, situ\u00e9e \u00e0 Toronto, au Canada, \u00e0 moins d\u2019avis contraire de Tayco.<\/p>\n<p>Tous les envois se font en chargement partiel (CP) \u00e0 partir du quai du vendeur autoris\u00e9, du lundi au vendredi, de 8\u00a0h \u00e0 17\u00a0h.<\/p>\n<p>Les services suivants peuvent \u00eatre organis\u00e9s pour des frais suppl\u00e9mentaires et doivent \u00eatre not\u00e9s sur le bon de commande\u00a0: livraison apr\u00e8s les heures, les jours de f\u00eate ou les jours de fin de semaine, livraison r\u00e9sidentielle ou int\u00e9rieure, livraison \u00e0 des b\u00e2timents gouvernementaux ou des \u00e9coles, utilisation d\u2019\u00e9quipement sp\u00e9cial, livraison \u00e0 un utilisateur final, livraison sur rendez-vous ou dans des d\u00e9lais pr\u00e9cis.<\/p>\n<p>Tayco fournira aux clients une date de livraison anticip\u00e9e. Tous les efforts possibles seront d\u00e9ploy\u00e9s pour respecter la date de livraison prescrite; cependant, ni Tayco ni le transporteur ne se porte garant ou responsable de quelque fa\u00e7on que ce soit des retards ou d\u2019un changement relativement \u00e0 la date de livraison pr\u00e9vue.<\/p>\n<p>Les chauffeurs ne sont pas responsables de d\u00e9charger le produit et ne sont pas autoris\u00e9s \u00e0 offrir leur aide pour ce faire.<\/p>\n<p>Tayco n\u2019est pas responsable de tout co\u00fbt engag\u00e9 pour des livraisons en retard, dont des frais de main-d\u2019oeuvre ou d\u2019autres frais issus de retards impr\u00e9vus.<\/p>\n<p>Le vendeur autoris\u00e9 peut engager des frais accessoires additionnels du transporteur pour\u00a0:<\/p>\n<ul>\n<li>Le d\u00e9faut d\u2019avoir charg\u00e9 le quai<\/li>\n<li>Des frais de r\u00e9tention<\/li>\n<li>Le d\u00e9chargement sur rue<\/li>\n<li>Le besoin d\u2019un hayon<\/li>\n<li>Le r\u00e9acheminement du produit<\/li>\n<li>Le refus du produit<\/li>\n<li>L\u2019incapacit\u00e9 d\u2019accommoder certaines tailles de camion<\/li>\n<li>Le stockage<\/li>\n<li>Le temps de d\u00e9chargement<\/li>\n<li>Les envois CP (en chargement partiel)Les compagnies de fret accordent 30\u00a0minutes pour le d\u00e9chargement. \u00a0Apr\u00e8s cette p\u00e9riode, des frais additionnels de 75\u00a0$ seront engag\u00e9s par heure totale ou partielle pendant que le camion est sur place. Toute heure suppl\u00e9mentaire sera factur\u00e9e au vendeur autoris\u00e9\/ client. \u00a0Les frais issus du r\u00e9acheminement pendant le transport ou les frais de stockage du transporteur incomberont au vendeur\/au client.<\/li>\n<li>Envois en CC (chargement complet)Les compagnies de fret accordent deux\u00a0heures pour le d\u00e9chargement. \u00a0Apr\u00e8s cette p\u00e9riode, des frais additionnels de 75\u00a0$ seront engag\u00e9s par heure totale ou partielle pendant que le camion est sur place. \u00a0Toute heure suppl\u00e9mentaire sera factur\u00e9e au vendeur autoris\u00e9\/ client.<\/li>\n<\/ul>\n<p>Tayco acceptera volontiers les demandes d\u2019heures de livraison et de livraison directe aux chantiers pour les envois en chargement complet. \u00a0Tayco n\u2019est pas responsable de tout co\u00fbt engag\u00e9 pour des livraisons en retard, dont des frais de main-d\u2019oeuvre ou d\u2019autres frais issus de retards impr\u00e9vus. \u00a0Les transporteurs pr\u00e9voient en g\u00e9n\u00e9ral une fen\u00eatre de livraison de deux \u00e0 quatre heures, m\u00eame lorsqu\u2019une heure de livraison fixe est demand\u00e9e et pay\u00e9e. \u00a0Le transporteur est responsable uniquement de ce suppl\u00e9ment et non des frais de main-d\u2019oeuvre ou des dommages.<\/p>\n<h2>R\u00c9CLAMATIONS DE FRET<\/h2>\n<p>Tayco n\u2019assume aucune responsabilit\u00e9 quant aux dommages qui surviennent pendant le transport ou en entrep\u00f4t. \u00a0Le transporteur confirme par sa signature que tous les produits ont \u00e9t\u00e9 re\u00e7us en bonne et due forme de Tayco.<\/p>\n<p>Il appartient \u00e0 l\u2019acheteur d\u2019examiner les produits \u00e0 leur r\u00e9ception et de formuler toute r\u00e9clamation \u00e0 Tayco.<\/p>\n<p>Tayco recevra les r\u00e9clamations de fret qui portent sur des pertes ou des dommages si la politique suivante est respect\u00e9e. Les exigences suivantes doivent \u00eatre respect\u00e9es par le consignataire selon les lois sur le fret et les politiques du transporteur\u00a0:<\/p>\n<p>Tous les dommages, manques ou pertes de fret doivent \u00eatre signal\u00e9s par \u00e9crit \u00e0 Tayco dans les 72\u00a0heures de la r\u00e9ception. \u00a0Les dommages \u00e9vidents et les manques doivent \u00eatre indiqu\u00e9s sur le connaissement avant la signature de la livraison (c.-\u00e0-d. bo\u00eetes caboss\u00e9es, pi\u00e8ces manquantes, surfaces \u00e9gratign\u00e9es).<\/p>\n<p>Le d\u00e9faut de l\u2019acheteur de formuler toute r\u00e9clamation contre Tayco dans les 72\u00a0heures constitue une acceptation des produits et un renoncement au droit de formuler une r\u00e9clamation pour des d\u00e9fauts apparents, des erreurs ou des manques.<\/p>\n<p>Une liste d\u00e9taill\u00e9e des pi\u00e8ces manquantes ou endommag\u00e9es est requise pour que soit \u00e9valu\u00e9e la valeur de la r\u00e9clamation. \u00a0\u00c0 la r\u00e9ception de cette information,<\/p>\n<p>Tayco communiquera avec le transporteur et demandera une inspection ou une annulation de cette derni\u00e8re.<\/p>\n<p>S\u2019il y a dommages cach\u00e9s, Tayco doit en \u00eatre avis\u00e9e par \u00e9crit dans les 72\u00a0heures de la r\u00e9ception du produit. \u00a0Tous les produits endommag\u00e9s et tous les emballages doivent \u00eatre conserv\u00e9s tels qu\u2019ils ont \u00e9t\u00e9 re\u00e7us dans l\u2019attente d\u2019une inspection ou d\u2019une renonciation \u00e0 une inspection par le transporteur. \u00a0Tous les produits pour lesquels une r\u00e9clamation est en attente doivent \u00eatre mis \u00e0 la disposition des transporteurs pour qu\u2019ils les r\u00e9cup\u00e8rent une fois la r\u00e9clamation pay\u00e9e.<\/p>\n<p>Des photographies num\u00e9riques de tout fret pr\u00e9tendument endommag\u00e9 doivent \u00eatre prises et transmises \u00e0 Tayco.<\/p>\n<p>\u00c0 d\u00e9faut de respecter ces politiques et proc\u00e9dures, la responsabilit\u00e9 de la r\u00e9clamation passera de Tayco au consignataire.<\/p>\n<h2>R\u00c9SILIATION<\/h2>\n<p>Si, \u00e0 tout moment, Tayco a des motifs raisonnables de croire que ses int\u00e9r\u00eats sont en p\u00e9ril, Tayco peut, sans pr\u00e9judice, r\u00e9silier toute commande imm\u00e9diatement ou reporter l\u2019envoi jusqu\u2019\u00e0 ce que la situation soit r\u00e9gl\u00e9e \u00e0 sa satisfaction. Parmi les motifs de r\u00e9siliation d\u2019une commande figurent, sans s\u2019y limiter, les suivants\u00a0: le d\u00e9faut du paiement de toute somme due \u00e0 Tayco, une infraction \u00e0 n\u2019importe quelle modalit\u00e9 d\u2019une commande ou d\u2019un autre contrat avec Tayco, un changement important de propri\u00e9t\u00e9 ou de forme de l\u2019organisation acheteuse ou si, \u00e0 tout moment, la situation financi\u00e8re de l\u2019acheteur devrait insatisfaisante pour Tayco.<\/p>\n<h2>RETOUR DE MARCHANDISE<\/h2>\n<p>Tayco n\u2019a pas l\u2019habitude d\u2019accepter les retours de produits. Dans des circonstances att\u00e9nuantes, Tayco pourrait approuver le retour du produit. Pour ce faire, l\u2019acheteur doit demander un Formulaire d\u2019autorisation de retour de Tayco. Tous ces retours doivent \u00eatre exp\u00e9di\u00e9s fret pr\u00e9pay\u00e9, dont les droits de douane et de courtage, \u00e0 moins d\u2019avis contraire de Tayco. Les articles standard sont vis\u00e9s par des frais de restockage minimums de 50\u00a0% de la valeur nette des articles retourn\u00e9s. Les retours contre remboursement (CR) ne seront pas accept\u00e9s.<\/p>\n<h2>R\u00c9PARATIONS<\/h2>\n<p>La responsabilit\u00e9 de la r\u00e9paration des articles sera limit\u00e9e \u00e0 la r\u00e9paration ou au remplacement. Tayco ne fera pas de cr\u00e9dit pour toute r\u00e9paration sans le consentement \u00e9crit pr\u00e9alable de Tayco.<\/p>\n<h2>PI\u00c8CES DE RECHANGE<\/h2>\n<p>Les demandes de pi\u00e8ce de rechange seront trait\u00e9es en priorit\u00e9. Pri\u00e8re de consulter le service \u00e0 la client\u00e8le pour conna\u00eetre les prix et prendre soin d\u2019inclure les codes et descriptions de produits avec votre bon de commande.<\/p>\n","protected":false},"excerpt":{"rendered":"<p>PRIX Les prix peuvent \u00eatre modifi\u00e9s sans pr\u00e9avis. Les prix de liste ne comprennent pas les emballages sp\u00e9ciaux, le fret, le d\u00e9chargement, le d\u00e9ballage et l\u2019installation. La possession de cette liste de prix ne constitue pas une offre de vente. Seules les commandes re\u00e7ues de vendeurs autoris\u00e9s de Tayco seront trait\u00e9es. PAIEMENT Les modalit\u00e9s de [&hellip;]<\/p>\n","protected":false},"author":856,"featured_media":0,"parent":0,"menu_order":0,"comment_status":"closed","ping_status":"closed","template":"","meta":{"_acf_changed":false,"content-type":"","jetpack_post_was_ever_published":false,"footnotes":""},"class_list":["post-4326","page","type-page","status-publish","hentry"],"acf":[],"jetpack_sharing_enabled":true,"jetpack_shortlink":"https:\/\/wp.me\/PaFHqO-17M","_links":{"self":[{"href":"https:\/\/www.tayco.com\/fr\/wp-json\/wp\/v2\/pages\/4326","targetHints":{"allow":["GET"]}}],"collection":[{"href":"https:\/\/www.tayco.com\/fr\/wp-json\/wp\/v2\/pages"}],"about":[{"href":"https:\/\/www.tayco.com\/fr\/wp-json\/wp\/v2\/types\/page"}],"author":[{"embeddable":true,"href":"https:\/\/www.tayco.com\/fr\/wp-json\/wp\/v2\/users\/856"}],"replies":[{"embeddable":true,"href":"https:\/\/www.tayco.com\/fr\/wp-json\/wp\/v2\/comments?post=4326"}],"version-history":[{"count":4,"href":"https:\/\/www.tayco.com\/fr\/wp-json\/wp\/v2\/pages\/4326\/revisions"}],"predecessor-version":[{"id":6570,"href":"https:\/\/www.tayco.com\/fr\/wp-json\/wp\/v2\/pages\/4326\/revisions\/6570"}],"wp:attachment":[{"href":"https:\/\/www.tayco.com\/fr\/wp-json\/wp\/v2\/media?parent=4326"}],"curies":[{"name":"wp","href":"https:\/\/api.w.org\/{rel}","templated":true}]}}